{"id":212,"date":"2017-09-21T16:48:27","date_gmt":"2017-09-21T14:48:27","guid":{"rendered":"http:\/\/wpoffice\/enfold-split\/?page_id=212"},"modified":"2022-04-22T09:30:54","modified_gmt":"2022-04-22T09:30:54","slug":"home","status":"publish","type":"page","link":"https:\/\/unternehmensleitung-auf-zeit.de\/","title":{"rendered":"Home"},"content":{"rendered":"<div id='av-layout-grid-1' class='av-layout-grid-container entry-content-wrapper main_color av-flex-cells     avia-builder-el-0  el_before_av_layout_row  avia-builder-el-first   av-cell-min-height av-cell-min-height-100 container_wrap fullsize' style=' '   data-av_minimum_height_pc='100'>\n<div class=\"flex_cell no_margin av_one_third  avia-builder-el-1  el_before_av_cell_two_third  avia-builder-el-first    avia-full-stretch av-hide-on-mobile  \" style='background:url(https:\/\/unternehmensleitung-auf-zeit.de\/wp-content\/uploads\/2019\/07\/paper-3224638.jpg) center center no-repeat scroll; vertical-align:middle; padding:200px 0px 200px 0px ; '><div class='flex_cell_inner' ><\/div><\/div><div class=\"flex_cell no_margin av_two_third  avia-builder-el-2  el_after_av_cell_one_third  avia-builder-el-last   avia-full-stretch \" style='background:url(https:\/\/unternehmensleitung-auf-zeit.de\/wp-content\/uploads\/2017\/09\/bg.jpg) center center no-repeat scroll; vertical-align:middle; padding:100px; '><div class='flex_cell_inner' ><p><div style='padding-bottom:0px; font-size:60px;' class='av-special-heading av-special-heading-h1 custom-color-heading blockquote modern-quote modern-centered  avia-builder-el-3  el_before_av_hr  avia-builder-el-first   av-inherit-size '><h1 class='av-special-heading-tag  av-mini-font-size-overwrite av-mini-font-size-30'  itemprop=\"headline\"  >Unternehmensleitung \/ Interimsmanagement auf Zeit<\/h1><div class='special-heading-border'><div class='special-heading-inner-border' ><\/div><\/div><\/div><br \/>\n<div style=' margin-top:30px; margin-bottom:30px;'  class='hr hr-custom hr-center hr-icon-no   avia-builder-el-4  el_after_av_heading  el_before_av_textblock  '><span class='hr-inner   inner-border-av-border-fat' style=' width:50px;' ><span class='hr-inner-style'><\/span><\/span><\/div><br \/>\n<section class=\"av_textblock_section \"  itemscope=\"itemscope\" itemtype=\"https:\/\/schema.org\/CreativeWork\" ><div class='avia_textblock  '  style='font-size:25px; '  itemprop=\"text\" ><p style=\"text-align: center;\">Unternehmensberatung endet oft in Empfehlungen und Ma\u00dfnahmen. Es gibt Situationen, in welchen f\u00fcr die Umsetzung der Ma\u00dfnahmen ein Interims-Manger\/Gesch\u00e4ftsf\u00fchrer auf Zeit notwendig ist.<\/p>\n<p style=\"text-align: center;\">Die praktische Umsetzung im Interim Management ist eine Herausforderung, der ich mich gerne und mit gro\u00dfem pers\u00f6nlichen Einsatz stellen m\u00f6chte.<\/p>\n<\/div><\/section><br \/>\n<div style='height:10px' class='hr hr-invisible   avia-builder-el-6  el_after_av_textblock  el_before_av_one_third '><span class='hr-inner ' ><span class='hr-inner-style'><\/span><\/span><\/div><br \/>\n<div class=\"flex_column av_one_third  flex_column_div av-zero-column-padding first  avia-builder-el-7  el_after_av_hr  el_before_av_one_third  \" style='border-radius:0px; '><\/div><div class=\"flex_column av_one_third  flex_column_div av-zero-column-padding   avia-builder-el-8  el_after_av_one_third  el_before_av_one_third  \" style='border-radius:0px; '><p><div class='avia-button-wrap avia-button-center  avia-builder-el-9  el_before_av_hr  avia-builder-el-first  '><a href='#next-section'  class='avia-button   avia-icon_select-no avia-color-custom avia-size-x-large avia-position-center '  style='background-color:; border-color:; color:; ' ><span class='avia_iconbox_title' >Mehr erfahren<\/span><\/a><\/div><br \/>\n<div style='height:15px' class='hr hr-invisible   avia-builder-el-10  el_after_av_button  el_before_av_button  '><span class='hr-inner ' ><span class='hr-inner-style'><\/span><\/span><\/div><br \/>\n<div class='avia-button-wrap avia-button-center  avia-builder-el-11  el_after_av_hr  avia-builder-el-last  '><a href='#contact'  class='avia-button av-icon-on-hover  avia-icon_select-no avia-color-custom avia-size-x-large avia-position-center '  style='background-color:; border-color:; color:; ' ><span class='avia_iconbox_title' >Kontaktieren Sie mich<\/span><\/a><\/div><\/p><\/div><div class=\"flex_column av_one_third  flex_column_div av-zero-column-padding   avia-builder-el-12  el_after_av_one_third  avia-builder-el-last  \" style='border-radius:0px; '><\/div><\/p>\n<\/div><\/div>\n<\/div>\n<div id='recent' class='av-layout-grid-container entry-content-wrapper main_color av-flex-cells     avia-builder-el-13  el_after_av_layout_row  el_before_av_layout_row  av-cell-min-height av-cell-min-height-100 submenu-not-first container_wrap fullsize' style=' '   data-av_minimum_height_pc='100'>\n<div class=\"flex_cell no_margin av_two_third  avia-builder-el-14  el_before_av_cell_one_third  avia-builder-el-first    avia-full-contain \" style='background:url(https:\/\/unternehmensleitung-auf-zeit.de\/wp-content\/uploads\/2017\/09\/bg-300x300.jpg) center center no-repeat scroll; vertical-align:middle; padding:100px; '><div class='flex_cell_inner' ><p><div style='padding-bottom:0px; font-size:60px;' class='av-special-heading av-special-heading-h1 custom-color-heading blockquote modern-quote modern-centered  avia-builder-el-15  el_before_av_hr  avia-builder-el-first   av-inherit-size '><h1 class='av-special-heading-tag  av-mini-font-size-overwrite av-mini-font-size-30'  itemprop=\"headline\"  >Warum eine Unternehmensleitung auf Zeit<\/h1><div class='special-heading-border'><div class='special-heading-inner-border' ><\/div><\/div><\/div><br \/>\n<div style=' margin-top:30px; margin-bottom:30px;'  class='hr hr-custom hr-center hr-icon-no   avia-builder-el-16  el_after_av_heading  el_before_av_iconlist  '><span class='hr-inner   inner-border-av-border-fat' style=' width:50px;' ><span class='hr-inner-style'><\/span><\/span><\/div><br \/>\n<div class='avia-icon-list-container   avia-builder-el-17  el_after_av_hr  avia-builder-el-last  '><ul class='avia-icon-list avia-icon-list-left av-iconlist-big avia_animate_when_almost_visible avia-iconlist-animate'>\n<li><div  class='iconlist_icon  avia-font-entypo-fontello'><span class='iconlist-char ' aria-hidden='true' data-av_icon='\ue889' data-av_iconfont='entypo-fontello'><\/span><\/div><article class=\"article-icon-entry \"  itemscope=\"itemscope\" itemtype=\"https:\/\/schema.org\/CreativeWork\" ><div class='iconlist_content_wrap'><header class=\"entry-content-header\"><h4 class='av_iconlist_title iconlist_title  '  itemprop=\"headline\"  >Ausfall einer F\u00fchrungskraft <\/h4><\/header><div class='iconlist_content  '  itemprop=\"text\"  ><p>Ausfall einer F\u00fchrungskraft durch l\u00e4ngere Krankheit oder aufgrund eines tragischen Todesfalls<\/p>\n<\/div><\/div><footer class=\"entry-footer\"><\/footer><\/article><div class='iconlist-timeline'><\/div><\/li>\n<li><div  class='iconlist_icon  avia-font-entypo-fontello'><span class='iconlist-char ' aria-hidden='true' data-av_icon='\ue889' data-av_iconfont='entypo-fontello'><\/span><\/div><article class=\"article-icon-entry \"  itemscope=\"itemscope\" itemtype=\"https:\/\/schema.org\/CreativeWork\" ><div class='iconlist_content_wrap'><header class=\"entry-content-header\"><h4 class='av_iconlist_title iconlist_title  '  itemprop=\"headline\"  >F\u00fchrungs- und Generationenwechsel<\/h4><\/header><div class='iconlist_content  '  itemprop=\"text\"  ><p>Vorbereitung und Durchf\u00fchrung eines F\u00fchrungswechsels sowie eine gr\u00fcndliche und umfassende Einarbeitung eines Nachfolgers in der F\u00fchrungsposition<\/p>\n<\/div><\/div><footer class=\"entry-footer\"><\/footer><\/article><div class='iconlist-timeline'><\/div><\/li>\n<li><div  class='iconlist_icon  avia-font-entypo-fontello'><span class='iconlist-char ' aria-hidden='true' data-av_icon='\ue889' data-av_iconfont='entypo-fontello'><\/span><\/div><article class=\"article-icon-entry \"  itemscope=\"itemscope\" itemtype=\"https:\/\/schema.org\/CreativeWork\" ><div class='iconlist_content_wrap'><header class=\"entry-content-header\"><h4 class='av_iconlist_title iconlist_title  '  itemprop=\"headline\"  >Handlungsf\u00e4higkeit bewahren<\/h4><\/header><div class='iconlist_content  '  itemprop=\"text\"  ><p>Aufrechthaltung der Handlungsf\u00e4higkeit und Bewahrung des Unternehmens vor Sch\u00e4den<\/p>\n<\/div><\/div><footer class=\"entry-footer\"><\/footer><\/article><div class='iconlist-timeline'><\/div><\/li>\n<li><div  class='iconlist_icon  avia-font-entypo-fontello'><span class='iconlist-char ' aria-hidden='true' data-av_icon='\ue881' data-av_iconfont='entypo-fontello'><\/span><\/div><article class=\"article-icon-entry \"  itemscope=\"itemscope\" itemtype=\"https:\/\/schema.org\/CreativeWork\" ><div class='iconlist_content_wrap'><header class=\"entry-content-header\"><h4 class='av_iconlist_title iconlist_title  '  itemprop=\"headline\"  >Aufl\u00f6sung eines Unternehmens<\/h4><\/header><div class='iconlist_content  '  itemprop=\"text\"  ><p>Selbst wenn die Erben sich am Ende f\u00fcr eine Aufl\u00f6sung des Unternehmens entscheiden, kann der Interim-Manager bis zu diesem Zeitpunkt daf\u00fcr Sorge tragen, dass der Marktwert des Unternehmens bis zur Liquidation erhalten bleibt<\/p>\n<\/div><\/div><footer class=\"entry-footer\"><\/footer><\/article><div class='iconlist-timeline'><\/div><\/li>\n<\/ul><\/div><\/p>\n<\/div><\/div><div class=\"flex_cell no_margin av_one_third  avia-builder-el-18  el_after_av_cell_two_third  avia-builder-el-last    avia-full-stretch av-hide-on-mobile  \" style='background:url(https:\/\/unternehmensleitung-auf-zeit.de\/wp-content\/uploads\/2019\/06\/business-3152586.jpg) center center no-repeat scroll; vertical-align:middle; padding:200px 0px 200px 0px ; '><div class='flex_cell_inner' ><\/div><\/div>\n<\/div>\n<div id='services' class='av-layout-grid-container entry-content-wrapper main_color av-flex-cells     avia-builder-el-19  el_after_av_layout_row  el_before_av_layout_row  av-cell-min-height av-cell-min-height-100 submenu-not-first container_wrap fullsize' style=' '   data-av_minimum_height_pc='100'>\n<div class=\"flex_cell no_margin av_one_third  avia-builder-el-20  el_before_av_cell_two_third  avia-builder-el-first    avia-full-stretch \" style='background:url(https:\/\/unternehmensleitung-auf-zeit.de\/wp-content\/uploads\/2019\/06\/EM.jpg) center center no-repeat scroll; vertical-align:middle; padding:200px 0px 200px 0px ; '><div class='flex_cell_inner' ><\/div><\/div><div class=\"flex_cell no_margin av_two_third  avia-builder-el-21  el_after_av_cell_one_third  avia-builder-el-last    avia-full-contain \" style='background:url(https:\/\/unternehmensleitung-auf-zeit.de\/wp-content\/uploads\/2017\/09\/bg-300x300.jpg) center center no-repeat scroll; vertical-align:middle; padding:100px; '><div class='flex_cell_inner' ><p><div style='padding-bottom:0px; font-size:60px;' class='av-special-heading av-special-heading-h1 custom-color-heading blockquote modern-quote modern-centered  avia-builder-el-22  el_before_av_hr  avia-builder-el-first   av-inherit-size '><h1 class='av-special-heading-tag  av-mini-font-size-overwrite av-mini-font-size-30'  itemprop=\"headline\"  >\u00dcber mich<\/h1><div class='special-heading-border'><div class='special-heading-inner-border' ><\/div><\/div><\/div><br \/>\n<div style=' margin-top:30px; margin-bottom:30px;'  class='hr hr-custom hr-center hr-icon-no   avia-builder-el-23  el_after_av_heading  el_before_av_one_half '><span class='hr-inner   inner-border-av-border-fat' style=' width:50px; border-color:#c3aca1;' ><span class='hr-inner-style'><\/span><\/span><\/div><br \/>\n<div class=\"flex_column av_one_half  flex_column_div av-zero-column-padding first  avia-builder-el-24  el_after_av_hr  el_before_av_one_half  \" style='border-radius:0px; '><article class=\"iconbox iconbox_top main_color    avia-builder-el-25  avia-builder-el-no-sibling   \"  itemscope=\"itemscope\" itemtype=\"https:\/\/schema.org\/CreativeWork\" ><div class=\"iconbox_content\"><header class=\"entry-content-header\"><div class=\"iconbox_icon heading-color \" aria-hidden='true' data-av_icon='\ue82b' data-av_iconfont='entypo-fontello'  ><\/div><h3 class='iconbox_content_title  '  itemprop=\"headline\"  >30 Jahre Erfahrung<\/h3><\/header><div class='iconbox_content_container  '  itemprop=\"text\"  ><p>&#8230; in der Beratung von mittelst\u00e4ndigen Unternehmen der Transport- und Logistik-Branche<\/p>\n<\/div><\/div><footer class=\"entry-footer\"><\/footer><\/article><\/div><div class=\"flex_column av_one_half  flex_column_div av-zero-column-padding   avia-builder-el-26  el_after_av_one_half  el_before_av_one_half  \" style='border-radius:0px; '><article class=\"iconbox iconbox_top main_color    avia-builder-el-27  avia-builder-el-no-sibling   \"  itemscope=\"itemscope\" itemtype=\"https:\/\/schema.org\/CreativeWork\" ><div class=\"iconbox_content\"><header class=\"entry-content-header\"><div class=\"iconbox_icon heading-color \" aria-hidden='true' data-av_icon='\ue82b' data-av_iconfont='entypo-fontello'  ><\/div><h3 class='iconbox_content_title  '  itemprop=\"headline\"  >SELBST\u00c4NDIGER UNTERNEHMER<\/h3><\/header><div class='iconbox_content_container  '  itemprop=\"text\"  ><p>Durch Selbst\u00e4ndigkeit vertraut mit unternehmerischen Entscheidungsprozessen<\/p>\n<\/div><\/div><footer class=\"entry-footer\"><\/footer><\/article><\/div><div class=\"flex_column av_one_half  flex_column_div av-zero-column-padding first  avia-builder-el-28  el_after_av_one_half  el_before_av_one_half  column-top-margin\" style='border-radius:0px; '><article class=\"iconbox iconbox_top main_color    avia-builder-el-29  avia-builder-el-no-sibling   \"  itemscope=\"itemscope\" itemtype=\"https:\/\/schema.org\/CreativeWork\" ><div class=\"iconbox_content\"><header class=\"entry-content-header\"><div class=\"iconbox_icon heading-color \" aria-hidden='true' data-av_icon='\ue82b' data-av_iconfont='entypo-fontello'  ><\/div><h3 class='iconbox_content_title  '  itemprop=\"headline\"  >Ganzheitlich<\/h3><\/header><div class='iconbox_content_container  '  itemprop=\"text\"  ><p>&#8230; und praktisch in der Denk- und Arbeitsweise<\/p>\n<\/div><\/div><footer class=\"entry-footer\"><\/footer><\/article><\/div><div class=\"flex_column av_one_half  flex_column_div av-zero-column-padding   avia-builder-el-30  el_after_av_one_half  el_before_av_one_half  column-top-margin\" style='border-radius:0px; '><article class=\"iconbox iconbox_top main_color    avia-builder-el-31  avia-builder-el-no-sibling   \"  itemscope=\"itemscope\" itemtype=\"https:\/\/schema.org\/CreativeWork\" ><div class=\"iconbox_content\"><header class=\"entry-content-header\"><div class=\"iconbox_icon heading-color \" aria-hidden='true' data-av_icon='\ue82b' data-av_iconfont='entypo-fontello'  ><\/div><h3 class='iconbox_content_title  '  itemprop=\"headline\"  >Erfolgsorientiert<\/h3><\/header><div class='iconbox_content_container  '  itemprop=\"text\"  ><p>Kostensensibel und Erfolgsorientiert<\/p>\n<\/div><\/div><footer class=\"entry-footer\"><\/footer><\/article><\/div><div class=\"flex_column av_one_half  flex_column_div av-zero-column-padding first  avia-builder-el-32  el_after_av_one_half  el_before_av_one_half  column-top-margin\" style='border-radius:0px; '><article class=\"iconbox iconbox_top main_color    avia-builder-el-33  avia-builder-el-no-sibling   \"  itemscope=\"itemscope\" itemtype=\"https:\/\/schema.org\/CreativeWork\" ><div class=\"iconbox_content\"><header class=\"entry-content-header\"><div class=\"iconbox_icon heading-color \" aria-hidden='true' data-av_icon='\ue82b' data-av_iconfont='entypo-fontello'  ><\/div><h3 class='iconbox_content_title  '  itemprop=\"headline\"  >F\u00fchrungskompetenz<\/h3><\/header><div class='iconbox_content_container  '  itemprop=\"text\"  ><p>Innovative Ans\u00e4tze und Leitung sowie F\u00f6rderung von Mitarbeitern<\/p>\n<\/div><\/div><footer class=\"entry-footer\"><\/footer><\/article><\/div><div class=\"flex_column av_one_half  flex_column_div av-zero-column-padding   avia-builder-el-34  el_after_av_one_half  avia-builder-el-last  column-top-margin\" style='border-radius:0px; '><article class=\"iconbox iconbox_top main_color    avia-builder-el-35  avia-builder-el-no-sibling   \"  itemscope=\"itemscope\" itemtype=\"https:\/\/schema.org\/CreativeWork\" ><div class=\"iconbox_content\"><header class=\"entry-content-header\"><div class=\"iconbox_icon heading-color \" aria-hidden='true' data-av_icon='\ue82b' data-av_iconfont='entypo-fontello'  ><\/div><h3 class='iconbox_content_title  '  itemprop=\"headline\"  >Menschlich<\/h3><\/header><div class='iconbox_content_container  '  itemprop=\"text\"  ><p>Verheiratet, 3 erwachsene S\u00f6hne<\/p>\n<\/div><\/div><footer class=\"entry-footer\"><\/footer><\/article><\/div><\/p>\n<\/div><\/div>\n<\/div>\n<div id='contact' class='av-layout-grid-container entry-content-wrapper main_color av-flex-cells     avia-builder-el-36  el_after_av_layout_row  avia-builder-el-last   av-cell-min-height av-cell-min-height-100 submenu-not-first container_wrap fullsize' style=' '   data-av_minimum_height_pc='100'>\n<div class=\"flex_cell no_margin av_two_third  avia-builder-el-37  el_before_av_cell_one_third  avia-builder-el-first    avia-full-contain \" style='vertical-align:middle; padding:100px; '><div class='flex_cell_inner' ><p><div style='padding-bottom:0px; color:#5e5e5e;font-size:60px;' class='av-special-heading av-special-heading-h1 custom-color-heading blockquote modern-quote modern-centered  avia-builder-el-38  el_before_av_hr  avia-builder-el-first   av-inherit-size '><h1 class='av-special-heading-tag  av-mini-font-size-overwrite av-mini-font-size-30'  itemprop=\"headline\"  >Kontaktieren Sie mich<\/h1><div class='special-heading-border'><div class='special-heading-inner-border' style='border-color:#5e5e5e'><\/div><\/div><\/div><br \/>\n<div style=' margin-top:30px; margin-bottom:30px;'  class='hr hr-custom hr-center hr-icon-no   avia-builder-el-39  el_after_av_heading  el_before_av_textblock  '><span class='hr-inner   inner-border-av-border-fat' style=' width:50px; border-color:#5e5e5e;' ><span class='hr-inner-style'><\/span><\/span><\/div><br \/>\n<section class=\"av_textblock_section \"  itemscope=\"itemscope\" itemtype=\"https:\/\/schema.org\/CreativeWork\" ><div class='avia_textblock  '   itemprop=\"text\" ><div role=\"form\" class=\"wpcf7\" id=\"wpcf7-f397-o1\" lang=\"de-DE\" dir=\"ltr\">\n<div class=\"screen-reader-response\"><p role=\"status\" aria-live=\"polite\" aria-atomic=\"true\"><\/p> <ul><\/ul><\/div>\n<form action=\"\/index.php\/wp-json\/wp\/v2\/pages\/212#wpcf7-f397-o1\" method=\"post\" class=\"wpcf7-form init\" novalidate=\"novalidate\" data-status=\"init\">\n<div style=\"display: none;\">\n<input type=\"hidden\" name=\"_wpcf7\" value=\"397\" \/>\n<input type=\"hidden\" name=\"_wpcf7_version\" value=\"5.6.4\" \/>\n<input type=\"hidden\" name=\"_wpcf7_locale\" value=\"de_DE\" \/>\n<input type=\"hidden\" name=\"_wpcf7_unit_tag\" value=\"wpcf7-f397-o1\" \/>\n<input type=\"hidden\" name=\"_wpcf7_container_post\" value=\"0\" \/>\n<input type=\"hidden\" name=\"_wpcf7_posted_data_hash\" value=\"\" \/>\n<\/div>\n<p><label>Vor- und Nachname *<br \/>\n    <span class=\"wpcf7-form-control-wrap\" data-name=\"your-name\"><input type=\"text\" name=\"your-name\" value=\"\" size=\"40\" class=\"wpcf7-form-control wpcf7-text wpcf7-validates-as-required\" aria-required=\"true\" aria-invalid=\"false\" \/><\/span> <\/label><\/p>\n<p><label>E-Mail-Adresse *<br \/>\n    <span class=\"wpcf7-form-control-wrap\" data-name=\"your-email\"><input type=\"email\" name=\"your-email\" value=\"\" size=\"40\" class=\"wpcf7-form-control wpcf7-text wpcf7-email wpcf7-validates-as-required wpcf7-validates-as-email\" aria-required=\"true\" aria-invalid=\"false\" \/><\/span> <\/label><\/p>\n<p><label>Nachricht<br \/>\n    <span class=\"wpcf7-form-control-wrap\" data-name=\"your-message\"><textarea name=\"your-message\" cols=\"40\" rows=\"10\" class=\"wpcf7-form-control wpcf7-textarea\" aria-invalid=\"false\"><\/textarea><\/span> <\/label><\/p>\n<p><span id=\"wpcf7-69f4efca0ebb1-wrapper\" class=\"wpcf7-form-control-wrap website-wrap\" style=\"display:none !important; visibility:hidden !important;\"><label for=\"wpcf7-69f4efca0ebb1-field\" class=\"hp-message\">Bitte lasse dieses Feld leer.<\/label><input id=\"wpcf7-69f4efca0ebb1-field\"  class=\"wpcf7-form-control wpcf7-text\" type=\"text\" name=\"website\" value=\"\" size=\"40\" tabindex=\"-1\" autocomplete=\"new-password\" \/><\/span><\/p>\n<p><span id=\"wpcf7-69f4efca0ebef-wrapper\" class=\"wpcf7-form-control-wrap email-wrap\" style=\"display:none !important; visibility:hidden !important;\"><label for=\"wpcf7-69f4efca0ebef-field\" class=\"hp-message\">Bitte lasse dieses Feld leer.<\/label><input id=\"wpcf7-69f4efca0ebef-field\"  class=\"wpcf7-form-control wpcf7-text\" type=\"text\" name=\"email\" value=\"\" size=\"40\" tabindex=\"-1\" autocomplete=\"new-password\" \/><\/span><\/p>\n<p><input type=\"submit\" value=\"Senden\" class=\"wpcf7-form-control has-spinner wpcf7-submit\" \/><\/p>\n<div class=\"wpcf7-response-output\" aria-hidden=\"true\"><\/div><\/form><\/div>\n<\/div><\/section><\/p>\n<\/div><\/div><div class=\"flex_cell no_margin av_one_third  avia-builder-el-41  el_after_av_cell_two_third  avia-builder-el-last    avia-full-stretch av-zero-padding av-hide-on-mobile  \" style='background:url(https:\/\/unternehmensleitung-auf-zeit.de\/wp-content\/uploads\/2019\/07\/phone-3594206_1920.jpg) center center no-repeat scroll; vertical-align:middle; padding:0; '><div class='flex_cell_inner' ><\/div><\/div><\/div>\n","protected":false},"excerpt":{"rendered":"","protected":false},"author":1,"featured_media":0,"parent":0,"menu_order":0,"comment_status":"closed","ping_status":"closed","template":"","meta":{"footnotes":""},"class_list":["post-212","page","type-page","status-publish","hentry"],"_links":{"self":[{"href":"https:\/\/unternehmensleitung-auf-zeit.de\/index.php\/wp-json\/wp\/v2\/pages\/212","targetHints":{"allow":["GET"]}}],"collection":[{"href":"https:\/\/unternehmensleitung-auf-zeit.de\/index.php\/wp-json\/wp\/v2\/pages"}],"about":[{"href":"https:\/\/unternehmensleitung-auf-zeit.de\/index.php\/wp-json\/wp\/v2\/types\/page"}],"author":[{"embeddable":true,"href":"https:\/\/unternehmensleitung-auf-zeit.de\/index.php\/wp-json\/wp\/v2\/users\/1"}],"replies":[{"embeddable":true,"href":"https:\/\/unternehmensleitung-auf-zeit.de\/index.php\/wp-json\/wp\/v2\/comments?post=212"}],"version-history":[{"count":131,"href":"https:\/\/unternehmensleitung-auf-zeit.de\/index.php\/wp-json\/wp\/v2\/pages\/212\/revisions"}],"predecessor-version":[{"id":432,"href":"https:\/\/unternehmensleitung-auf-zeit.de\/index.php\/wp-json\/wp\/v2\/pages\/212\/revisions\/432"}],"wp:attachment":[{"href":"https:\/\/unternehmensleitung-auf-zeit.de\/index.php\/wp-json\/wp\/v2\/media?parent=212"}],"curies":[{"name":"wp","href":"https:\/\/api.w.org\/{rel}","templated":true}]}}